{"id":17,"date":"2026-02-23T19:51:18","date_gmt":"2026-02-23T19:51:18","guid":{"rendered":"https:\/\/stoic-mclean.92-205-189-166.plesk.page\/?page_id=17"},"modified":"2026-04-09T15:39:00","modified_gmt":"2026-04-09T15:39:00","slug":"home","status":"publish","type":"page","link":"https:\/\/stoic-mclean.92-205-189-166.plesk.page\/","title":{"rendered":"Home"},"content":{"rendered":"\n<figure class=\"wp-block-image alignfull size-full\"><img loading=\"lazy\" decoding=\"async\" width=\"1950\" height=\"360\" src=\"https:\/\/stoic-mclean.92-205-189-166.plesk.page\/wp-content\/uploads\/2026\/04\/headpic_04.jpg\" alt=\"\" class=\"wp-image-337\" srcset=\"https:\/\/stoic-mclean.92-205-189-166.plesk.page\/wp-content\/uploads\/2026\/04\/headpic_04.jpg 1950w, https:\/\/stoic-mclean.92-205-189-166.plesk.page\/wp-content\/uploads\/2026\/04\/headpic_04-300x55.jpg 300w, https:\/\/stoic-mclean.92-205-189-166.plesk.page\/wp-content\/uploads\/2026\/04\/headpic_04-1024x189.jpg 1024w, https:\/\/stoic-mclean.92-205-189-166.plesk.page\/wp-content\/uploads\/2026\/04\/headpic_04-768x142.jpg 768w, https:\/\/stoic-mclean.92-205-189-166.plesk.page\/wp-content\/uploads\/2026\/04\/headpic_04-1536x284.jpg 1536w\" sizes=\"auto, (max-width: 1950px) 100vw, 1950px\" \/><\/figure>\n\n\n\n<div style=\"height:23px\" aria-hidden=\"true\" class=\"wp-block-spacer\"><\/div>\n\n\n\n<p class=\"has-text-align-center is-style-text-subtitle has-background has-large-font-size is-style-text-subtitle--1\" style=\"background-color:#ebf3f3\">Wir ermitteln den Immobilienwert. F\u00fcr Sie, individuell und marktgerecht.<\/p>\n\n\n\n<p class=\"has-text-align-center\">Sie haben eine Immobilie geschenkt bekommen, oder geerbt? Sie m\u00f6chten den Wert einer Sonderimmobilie (zum Beispiel: Tankstelle, Hotel\u2026) ermitteln lassen? Die Gr\u00fcnde f\u00fcr ein Wertgutachten sind so vielf\u00e4ltig und individuell wie eine Immobilie selbst.<\/p>\n\n\n\n<p class=\"has-text-align-center\" style=\"text-decoration:underline\">Jetzt kommt unsere <strong>Expertise <\/strong>ins Spiel:<\/p>\n\n\n\n<div style=\"height:12px\" aria-hidden=\"true\" class=\"wp-block-spacer\"><\/div>\n\n\n\n<div class=\"wp-block-columns is-layout-flex wp-container-core-columns-is-layout-28f84493 wp-block-columns-is-layout-flex\">\n<div class=\"wp-block-column is-layout-flow wp-block-column-is-layout-flow\">\n<figure class=\"wp-block-image size-full\"><img loading=\"lazy\" decoding=\"async\" width=\"1000\" height=\"545\" src=\"https:\/\/stoic-mclean.92-205-189-166.plesk.page\/wp-content\/uploads\/2026\/02\/1000_F_1894121847_8Y6FExqLlrXnrFbIX7F5BhChS5Joq4Ke.jpg\" alt=\"\" class=\"wp-image-62\" srcset=\"https:\/\/stoic-mclean.92-205-189-166.plesk.page\/wp-content\/uploads\/2026\/02\/1000_F_1894121847_8Y6FExqLlrXnrFbIX7F5BhChS5Joq4Ke.jpg 1000w, https:\/\/stoic-mclean.92-205-189-166.plesk.page\/wp-content\/uploads\/2026\/02\/1000_F_1894121847_8Y6FExqLlrXnrFbIX7F5BhChS5Joq4Ke-300x164.jpg 300w, https:\/\/stoic-mclean.92-205-189-166.plesk.page\/wp-content\/uploads\/2026\/02\/1000_F_1894121847_8Y6FExqLlrXnrFbIX7F5BhChS5Joq4Ke-768x419.jpg 768w\" sizes=\"auto, (max-width: 1000px) 100vw, 1000px\" \/><\/figure>\n<\/div>\n\n\n\n<div class=\"wp-block-column is-layout-flow wp-block-column-is-layout-flow\">\n<p class=\"has-large-font-size\">Verschiedenste Faktoren beeinflussen den Immobilienwert. Diese korrekt anzuwenden und zu beurteilen ist unser t\u00e4glich Brot. <br><br>Deshalb ist <strong>Sachverstand <\/strong>gefragt: Wir helfen Ihnen dabei, sich im Dschungel der Fachbegriffe zurechtzufinden und die richtige Entscheidung f\u00fcr Ihre Immobilie zu treffen. Wir wenden dabei das f\u00fcr Ihren individuellen Fall geeignete Verfahren an.<\/p>\n<\/div>\n<\/div>\n\n\n\n<div style=\"height:20px\" aria-hidden=\"true\" class=\"wp-block-spacer\"><\/div>\n\n\n\n<p class=\"has-text-align-center is-style-text-subtitle has-background has-large-font-size is-style-text-subtitle--2\" style=\"background-color:#ebf3f3\"><strong>Wir erstellen Gutachten f\u00fcr Einfamilienh\u00e4user, Mehrfamilienh\u00e4user, Wohnungen, Gewerbe- und Industrieanlagen.<\/strong><\/p>\n\n\n\n<p class=\"has-text-align-center\">Auch wenn unsere Herzen im und f\u00fcr das Ruhrgebiet schlagen: <br>Wir sind <strong>deutschlandweit <\/strong>\u2013 ohne Einschr\u00e4nkungen \u2013 f\u00fcr Sie im Einsatz! Ihr FERO Team.<\/p>\n\n\n\n<hr class=\"wp-block-separator has-alpha-channel-opacity is-style-wide is-style-wide--3\" style=\"margin-top:var(--wp--preset--spacing--60);margin-bottom:var(--wp--preset--spacing--60)\"\/>\n\n\n\n<h2 class=\"wp-block-heading has-text-align-center\" style=\"margin-top:var(--wp--preset--spacing--50);margin-bottom:var(--wp--preset--spacing--50)\"><strong>Leistungen<\/strong><\/h2>\n\n\n\n<div class=\"wp-block-columns is-layout-flex wp-container-core-columns-is-layout-28f84493 wp-block-columns-is-layout-flex\">\n<div class=\"wp-block-column is-layout-flow wp-block-column-is-layout-flow\">\n<div class=\"wp-block-columns is-layout-flex wp-container-core-columns-is-layout-28f84493 wp-block-columns-is-layout-flex\">\n<div class=\"wp-block-column is-layout-flow wp-block-column-is-layout-flow\">\n<figure class=\"wp-block-image size-full\"><img loading=\"lazy\" decoding=\"async\" width=\"1000\" height=\"651\" src=\"https:\/\/stoic-mclean.92-205-189-166.plesk.page\/wp-content\/uploads\/2026\/04\/1000_F_63695053_gjeqiG7VOO6nurMJvXTwSBbuaaFrdzy9.jpg\" alt=\"\" class=\"wp-image-340\" srcset=\"https:\/\/stoic-mclean.92-205-189-166.plesk.page\/wp-content\/uploads\/2026\/04\/1000_F_63695053_gjeqiG7VOO6nurMJvXTwSBbuaaFrdzy9.jpg 1000w, https:\/\/stoic-mclean.92-205-189-166.plesk.page\/wp-content\/uploads\/2026\/04\/1000_F_63695053_gjeqiG7VOO6nurMJvXTwSBbuaaFrdzy9-300x195.jpg 300w, https:\/\/stoic-mclean.92-205-189-166.plesk.page\/wp-content\/uploads\/2026\/04\/1000_F_63695053_gjeqiG7VOO6nurMJvXTwSBbuaaFrdzy9-768x500.jpg 768w\" sizes=\"auto, (max-width: 1000px) 100vw, 1000px\" \/><\/figure>\n\n\n\n<p class=\"has-small-font-size\"><strong>Grundrisse und Wohnfl\u00e4che berechnen<\/strong><\/p>\n\n\n\n<p class=\"has-small-font-size\">Sie ben\u00f6tigen f\u00fcr die Vervollst\u00e4ndigung Ihrer Akten einen Grundriss und\/oder eine Wohnfl\u00e4chenberechnung. Gerne erstellen wir f\u00fcr Sie kurzfristig die ben\u00f6tigten Unterlagen nach DIN.<\/p>\n<\/div>\n\n\n\n<div class=\"wp-block-column is-layout-flow wp-block-column-is-layout-flow\">\n<figure class=\"wp-block-image size-full\"><img loading=\"lazy\" decoding=\"async\" width=\"1000\" height=\"667\" src=\"https:\/\/stoic-mclean.92-205-189-166.plesk.page\/wp-content\/uploads\/2026\/02\/1000_F_556409752_iXb9c9U3hlN1GOluT14a2jv3Fu7YQSe1.jpg\" alt=\"\" class=\"wp-image-31\" srcset=\"https:\/\/stoic-mclean.92-205-189-166.plesk.page\/wp-content\/uploads\/2026\/02\/1000_F_556409752_iXb9c9U3hlN1GOluT14a2jv3Fu7YQSe1.jpg 1000w, https:\/\/stoic-mclean.92-205-189-166.plesk.page\/wp-content\/uploads\/2026\/02\/1000_F_556409752_iXb9c9U3hlN1GOluT14a2jv3Fu7YQSe1-300x200.jpg 300w, https:\/\/stoic-mclean.92-205-189-166.plesk.page\/wp-content\/uploads\/2026\/02\/1000_F_556409752_iXb9c9U3hlN1GOluT14a2jv3Fu7YQSe1-768x512.jpg 768w\" sizes=\"auto, (max-width: 1000px) 100vw, 1000px\" \/><\/figure>\n\n\n\n<p class=\"has-small-font-size\"><strong>Ankaufbegleitung vor Ort<\/strong><\/p>\n\n\n\n<p class=\"has-small-font-size\">Eine dritte Meinung zu einem Objekt zu erhalten bewahrt manchmal vor so manchem Schreck oder best\u00e4rkt Sie in Ihrer Entscheidung. Gerne begleiten wir Sie zu Ihrer Wunschimmobilie vor Ort und geben Ihnen eine neutrale Meinung zum Objekt.<\/p>\n<\/div>\n<\/div>\n<\/div>\n\n\n\n<div class=\"wp-block-column is-layout-flow wp-block-column-is-layout-flow\">\n<div class=\"wp-block-columns is-layout-flex wp-container-core-columns-is-layout-28f84493 wp-block-columns-is-layout-flex\">\n<div class=\"wp-block-column is-layout-flow wp-block-column-is-layout-flow\">\n<figure class=\"wp-block-image size-full\"><img loading=\"lazy\" decoding=\"async\" width=\"1000\" height=\"667\" src=\"https:\/\/stoic-mclean.92-205-189-166.plesk.page\/wp-content\/uploads\/2026\/04\/1000_F_1861757307_LxdZq0cRQ71AMB8OOhdCXuy9S7DP9ZbD.jpg\" alt=\"\" class=\"wp-image-342\" srcset=\"https:\/\/stoic-mclean.92-205-189-166.plesk.page\/wp-content\/uploads\/2026\/04\/1000_F_1861757307_LxdZq0cRQ71AMB8OOhdCXuy9S7DP9ZbD.jpg 1000w, https:\/\/stoic-mclean.92-205-189-166.plesk.page\/wp-content\/uploads\/2026\/04\/1000_F_1861757307_LxdZq0cRQ71AMB8OOhdCXuy9S7DP9ZbD-300x200.jpg 300w, https:\/\/stoic-mclean.92-205-189-166.plesk.page\/wp-content\/uploads\/2026\/04\/1000_F_1861757307_LxdZq0cRQ71AMB8OOhdCXuy9S7DP9ZbD-768x512.jpg 768w\" sizes=\"auto, (max-width: 1000px) 100vw, 1000px\" \/><\/figure>\n\n\n\n<p class=\"has-small-font-size\"><strong>Kompaktgutachten<\/strong><\/p>\n\n\n\n<p class=\"has-small-font-size\">Das Kompaktgutachten wird von vielen Banken, Finanz\u00e4mtern, Gerichten und Notaren anerkannt und empfohlen. Es bietet das gleiche Ergebnis wie das gro\u00dfe Verkehrswertgutachten, nur mit komprimiertem Textteil.<\/p>\n<\/div>\n\n\n\n<div class=\"wp-block-column is-layout-flow wp-block-column-is-layout-flow\">\n<figure class=\"wp-block-image size-full\"><img loading=\"lazy\" decoding=\"async\" width=\"1000\" height=\"667\" src=\"https:\/\/stoic-mclean.92-205-189-166.plesk.page\/wp-content\/uploads\/2026\/04\/1000_F_696687636_DWEaHpGRYejBYWSyRr4eg0aUrNJ6S2JA.jpg\" alt=\"\" class=\"wp-image-341\" srcset=\"https:\/\/stoic-mclean.92-205-189-166.plesk.page\/wp-content\/uploads\/2026\/04\/1000_F_696687636_DWEaHpGRYejBYWSyRr4eg0aUrNJ6S2JA.jpg 1000w, https:\/\/stoic-mclean.92-205-189-166.plesk.page\/wp-content\/uploads\/2026\/04\/1000_F_696687636_DWEaHpGRYejBYWSyRr4eg0aUrNJ6S2JA-300x200.jpg 300w, https:\/\/stoic-mclean.92-205-189-166.plesk.page\/wp-content\/uploads\/2026\/04\/1000_F_696687636_DWEaHpGRYejBYWSyRr4eg0aUrNJ6S2JA-768x512.jpg 768w\" sizes=\"auto, (max-width: 1000px) 100vw, 1000px\" \/><\/figure>\n\n\n\n<p class=\"has-small-font-size\"><strong>Verkehrswertgutachten<\/strong><\/p>\n\n\n\n<p class=\"has-small-font-size\">Dieses Gutachten wird nach \u00a7 194 BauGB ermittelt. Es besteht zu ca. 80% aus Grundst\u00fcck- und Geb\u00e4udebeschreibung inkl. Mikro-\/Makrolage der Immobilie.<\/p>\n<\/div>\n<\/div>\n<\/div>\n<\/div>\n\n\n\n<hr class=\"wp-block-separator has-alpha-channel-opacity is-style-wide is-style-wide--4\" style=\"margin-top:var(--wp--preset--spacing--60);margin-bottom:var(--wp--preset--spacing--60)\"\/>\n\n\n\n<p><strong>Keine Lust auf teure Fehlentscheidungen?<\/strong><\/p>\n\n\n\n<p>Eine Immobilie zu bewerten ist komplex. Die wenigsten Menschen wissen zum Beispiel, was zu tun ist, wenn sie ein Haus erben und es verkaufen wollen. Sind wir ehrlich: in solchen Situationen haben andere Dinge Priorit\u00e4t.<\/p>\n\n\n\n<p>Gerade jetzt brauchen Sie einen <strong>zuverl\u00e4ssigen Partner mit Sachverstand<\/strong> an Ihrer Seite: Wir \u00fcbernehmen die Aufgaben, f\u00fcr die Sie gerade &#8222;keinen Kopf&#8220; haben und bewahren Sie vor teuren Fehlentscheidungen. Gemeinsam finden wir die beste L\u00f6sung f\u00fcr Ihr Anliegen.<\/p>\n\n\n\n<p>Wir beraten Sie zu allen Fragen und versorgen Sie mit <strong>Zahlen und Fakten f\u00fcr Ihre Entscheidungen<\/strong> rund um die Immobilie.<\/p>\n\n\n\n<p><strong>Immobiliengutachter mit Sachverstand<\/strong><\/p>\n\n\n\n<p>Roman Opper ist \u00fcber Zertifizierungsdienstleister im Sachverst\u00e4ndigenwesen <strong>zertifiziert<\/strong>. Mit ihm bekommen Sie einen Gutachter an Ihre Seite, der Ihre Wohn- oder Sonderimmobilie <strong>fair und unabh\u00e4ngig<\/strong> bewertet. Er sieht viel mehr als nur die Immobilie: Roman Sebastian Opper sieht Ihre Sorgen und Herausforderungen, um daraus eine individuelle L\u00f6sung f\u00fcr Sie zu erarbeiten.<\/p>\n\n\n\n<p><strong>Unsere Mission<\/strong><\/p>\n\n\n\n<p><strong>Rundumbetreuung:<\/strong> Sie brauchen sich um nichts zu k\u00fcmmern. Wir bewerten Ihre Immobilie im Ruhrgebiet und deutschlandweit und informieren Sie \u00fcber ihren Wert, Zustand, M\u00e4ngel, Kosten sowie alle relevanten rechtlichen Bestimmungen. Auf Wunsch beantragen wir auch die notwendigen Unterlagen f\u00fcr Sie.<\/p>\n\n\n\n<p><strong>Keine versteckten Kosten:<\/strong> unsere Experten kalkulieren f\u00fcr Sie ein transparentes Pauschalangebot. Einzig die Beh\u00f6rdenkosten kommen hinzu.<\/p>\n","protected":false},"excerpt":{"rendered":"<p>Wir ermitteln den Immobilienwert. F\u00fcr Sie, individuell und marktgerecht. Sie haben eine Immobilie geschenkt bekommen, oder geerbt? Sie m\u00f6chten den Wert einer Sonderimmobilie (zum Beispiel: Tankstelle, Hotel\u2026) ermitteln lassen? Die Gr\u00fcnde f\u00fcr ein Wertgutachten sind so vielf\u00e4ltig und individuell wie eine Immobilie selbst. Jetzt kommt unsere Expertise ins Spiel: Verschiedenste Faktoren beeinflussen den Immobilienwert. Diese [&hellip;]<\/p>\n","protected":false},"author":1,"featured_media":0,"parent":0,"menu_order":0,"comment_status":"closed","ping_status":"closed","template":"page-no-title","meta":{"footnotes":""},"class_list":["post-17","page","type-page","status-publish","hentry"],"yoast_head":"<!-- This site is optimized with the Yoast SEO plugin v27.3 - https:\/\/yoast.com\/product\/yoast-seo-wordpress\/ -->\n<title>Home - FERO Immobilien<\/title>\n<meta name=\"robots\" content=\"noindex, follow, max-snippet:-1, max-image-preview:large, max-video-preview:-1\" \/>\n<meta property=\"og:locale\" content=\"de_DE\" \/>\n<meta property=\"og:type\" content=\"article\" \/>\n<meta property=\"og:title\" content=\"Home - FERO Immobilien\" \/>\n<meta property=\"og:description\" content=\"Wir ermitteln den Immobilienwert. F\u00fcr Sie, individuell und marktgerecht. Sie haben eine Immobilie geschenkt bekommen, oder geerbt? Sie m\u00f6chten den Wert einer Sonderimmobilie (zum Beispiel: Tankstelle, Hotel\u2026) ermitteln lassen? Die Gr\u00fcnde f\u00fcr ein Wertgutachten sind so vielf\u00e4ltig und individuell wie eine Immobilie selbst. Jetzt kommt unsere Expertise ins Spiel: Verschiedenste Faktoren beeinflussen den Immobilienwert. Diese [&hellip;]\" \/>\n<meta property=\"og:url\" content=\"https:\/\/stoic-mclean.92-205-189-166.plesk.page\/\" \/>\n<meta property=\"og:site_name\" content=\"FERO Immobilien\" \/>\n<meta property=\"article:modified_time\" content=\"2026-04-09T15:39:00+00:00\" \/>\n<meta property=\"og:image\" content=\"https:\/\/stoic-mclean.92-205-189-166.plesk.page\/wp-content\/uploads\/2026\/04\/headpic_04.jpg\" \/>\n\t<meta property=\"og:image:width\" content=\"1950\" \/>\n\t<meta property=\"og:image:height\" content=\"360\" \/>\n\t<meta property=\"og:image:type\" content=\"image\/jpeg\" \/>\n<meta name=\"twitter:card\" content=\"summary_large_image\" \/>\n<meta name=\"twitter:label1\" content=\"Gesch\u00e4tzte Lesezeit\" \/>\n\t<meta name=\"twitter:data1\" content=\"4\u00a0Minuten\" \/>\n<script type=\"application\/ld+json\" class=\"yoast-schema-graph\">{\"@context\":\"https:\\\/\\\/schema.org\",\"@graph\":[{\"@type\":\"WebPage\",\"@id\":\"https:\\\/\\\/stoic-mclean.92-205-189-166.plesk.page\\\/\",\"url\":\"https:\\\/\\\/stoic-mclean.92-205-189-166.plesk.page\\\/\",\"name\":\"Home - FERO Immobilien\",\"isPartOf\":{\"@id\":\"https:\\\/\\\/stoic-mclean.92-205-189-166.plesk.page\\\/#website\"},\"primaryImageOfPage\":{\"@id\":\"https:\\\/\\\/stoic-mclean.92-205-189-166.plesk.page\\\/#primaryimage\"},\"image\":{\"@id\":\"https:\\\/\\\/stoic-mclean.92-205-189-166.plesk.page\\\/#primaryimage\"},\"thumbnailUrl\":\"https:\\\/\\\/stoic-mclean.92-205-189-166.plesk.page\\\/wp-content\\\/uploads\\\/2026\\\/04\\\/headpic_04.jpg\",\"datePublished\":\"2026-02-23T19:51:18+00:00\",\"dateModified\":\"2026-04-09T15:39:00+00:00\",\"breadcrumb\":{\"@id\":\"https:\\\/\\\/stoic-mclean.92-205-189-166.plesk.page\\\/#breadcrumb\"},\"inLanguage\":\"de\",\"potentialAction\":[{\"@type\":\"ReadAction\",\"target\":[\"https:\\\/\\\/stoic-mclean.92-205-189-166.plesk.page\\\/\"]}]},{\"@type\":\"ImageObject\",\"inLanguage\":\"de\",\"@id\":\"https:\\\/\\\/stoic-mclean.92-205-189-166.plesk.page\\\/#primaryimage\",\"url\":\"https:\\\/\\\/stoic-mclean.92-205-189-166.plesk.page\\\/wp-content\\\/uploads\\\/2026\\\/04\\\/headpic_04.jpg\",\"contentUrl\":\"https:\\\/\\\/stoic-mclean.92-205-189-166.plesk.page\\\/wp-content\\\/uploads\\\/2026\\\/04\\\/headpic_04.jpg\",\"width\":1950,\"height\":360},{\"@type\":\"BreadcrumbList\",\"@id\":\"https:\\\/\\\/stoic-mclean.92-205-189-166.plesk.page\\\/#breadcrumb\",\"itemListElement\":[{\"@type\":\"ListItem\",\"position\":1,\"name\":\"Start\",\"item\":\"https:\\\/\\\/stoic-mclean.92-205-189-166.plesk.page\\\/\"},{\"@type\":\"ListItem\",\"position\":2,\"name\":\"Home\"}]},{\"@type\":\"WebSite\",\"@id\":\"https:\\\/\\\/stoic-mclean.92-205-189-166.plesk.page\\\/#website\",\"url\":\"https:\\\/\\\/stoic-mclean.92-205-189-166.plesk.page\\\/\",\"name\":\"FERO Immobilien\",\"description\":\"\u2713 Immobilien direkt vom Profi\",\"publisher\":{\"@id\":\"https:\\\/\\\/stoic-mclean.92-205-189-166.plesk.page\\\/#organization\"},\"potentialAction\":[{\"@type\":\"SearchAction\",\"target\":{\"@type\":\"EntryPoint\",\"urlTemplate\":\"https:\\\/\\\/stoic-mclean.92-205-189-166.plesk.page\\\/?s={search_term_string}\"},\"query-input\":{\"@type\":\"PropertyValueSpecification\",\"valueRequired\":true,\"valueName\":\"search_term_string\"}}],\"inLanguage\":\"de\"},{\"@type\":\"Organization\",\"@id\":\"https:\\\/\\\/stoic-mclean.92-205-189-166.plesk.page\\\/#organization\",\"name\":\"FERO Immobilien\",\"url\":\"https:\\\/\\\/stoic-mclean.92-205-189-166.plesk.page\\\/\",\"logo\":{\"@type\":\"ImageObject\",\"inLanguage\":\"de\",\"@id\":\"https:\\\/\\\/stoic-mclean.92-205-189-166.plesk.page\\\/#\\\/schema\\\/logo\\\/image\\\/\",\"url\":\"https:\\\/\\\/stoic-mclean.92-205-189-166.plesk.page\\\/wp-content\\\/uploads\\\/2026\\\/02\\\/fero-logo-quer.png\",\"contentUrl\":\"https:\\\/\\\/stoic-mclean.92-205-189-166.plesk.page\\\/wp-content\\\/uploads\\\/2026\\\/02\\\/fero-logo-quer.png\",\"width\":276,\"height\":97,\"caption\":\"FERO Immobilien\"},\"image\":{\"@id\":\"https:\\\/\\\/stoic-mclean.92-205-189-166.plesk.page\\\/#\\\/schema\\\/logo\\\/image\\\/\"}}]}<\/script>\n<!-- \/ Yoast SEO plugin. -->","yoast_head_json":{"title":"Home - FERO Immobilien","robots":{"index":"noindex","follow":"follow","max-snippet":"max-snippet:-1","max-image-preview":"max-image-preview:large","max-video-preview":"max-video-preview:-1"},"og_locale":"de_DE","og_type":"article","og_title":"Home - FERO Immobilien","og_description":"Wir ermitteln den Immobilienwert. F\u00fcr Sie, individuell und marktgerecht. Sie haben eine Immobilie geschenkt bekommen, oder geerbt? Sie m\u00f6chten den Wert einer Sonderimmobilie (zum Beispiel: Tankstelle, Hotel\u2026) ermitteln lassen? Die Gr\u00fcnde f\u00fcr ein Wertgutachten sind so vielf\u00e4ltig und individuell wie eine Immobilie selbst. Jetzt kommt unsere Expertise ins Spiel: Verschiedenste Faktoren beeinflussen den Immobilienwert. Diese [&hellip;]","og_url":"https:\/\/stoic-mclean.92-205-189-166.plesk.page\/","og_site_name":"FERO Immobilien","article_modified_time":"2026-04-09T15:39:00+00:00","og_image":[{"width":1950,"height":360,"url":"https:\/\/stoic-mclean.92-205-189-166.plesk.page\/wp-content\/uploads\/2026\/04\/headpic_04.jpg","type":"image\/jpeg"}],"twitter_card":"summary_large_image","twitter_misc":{"Gesch\u00e4tzte Lesezeit":"4\u00a0Minuten"},"schema":{"@context":"https:\/\/schema.org","@graph":[{"@type":"WebPage","@id":"https:\/\/stoic-mclean.92-205-189-166.plesk.page\/","url":"https:\/\/stoic-mclean.92-205-189-166.plesk.page\/","name":"Home - FERO Immobilien","isPartOf":{"@id":"https:\/\/stoic-mclean.92-205-189-166.plesk.page\/#website"},"primaryImageOfPage":{"@id":"https:\/\/stoic-mclean.92-205-189-166.plesk.page\/#primaryimage"},"image":{"@id":"https:\/\/stoic-mclean.92-205-189-166.plesk.page\/#primaryimage"},"thumbnailUrl":"https:\/\/stoic-mclean.92-205-189-166.plesk.page\/wp-content\/uploads\/2026\/04\/headpic_04.jpg","datePublished":"2026-02-23T19:51:18+00:00","dateModified":"2026-04-09T15:39:00+00:00","breadcrumb":{"@id":"https:\/\/stoic-mclean.92-205-189-166.plesk.page\/#breadcrumb"},"inLanguage":"de","potentialAction":[{"@type":"ReadAction","target":["https:\/\/stoic-mclean.92-205-189-166.plesk.page\/"]}]},{"@type":"ImageObject","inLanguage":"de","@id":"https:\/\/stoic-mclean.92-205-189-166.plesk.page\/#primaryimage","url":"https:\/\/stoic-mclean.92-205-189-166.plesk.page\/wp-content\/uploads\/2026\/04\/headpic_04.jpg","contentUrl":"https:\/\/stoic-mclean.92-205-189-166.plesk.page\/wp-content\/uploads\/2026\/04\/headpic_04.jpg","width":1950,"height":360},{"@type":"BreadcrumbList","@id":"https:\/\/stoic-mclean.92-205-189-166.plesk.page\/#breadcrumb","itemListElement":[{"@type":"ListItem","position":1,"name":"Start","item":"https:\/\/stoic-mclean.92-205-189-166.plesk.page\/"},{"@type":"ListItem","position":2,"name":"Home"}]},{"@type":"WebSite","@id":"https:\/\/stoic-mclean.92-205-189-166.plesk.page\/#website","url":"https:\/\/stoic-mclean.92-205-189-166.plesk.page\/","name":"FERO Immobilien","description":"\u2713 Immobilien direkt vom Profi","publisher":{"@id":"https:\/\/stoic-mclean.92-205-189-166.plesk.page\/#organization"},"potentialAction":[{"@type":"SearchAction","target":{"@type":"EntryPoint","urlTemplate":"https:\/\/stoic-mclean.92-205-189-166.plesk.page\/?s={search_term_string}"},"query-input":{"@type":"PropertyValueSpecification","valueRequired":true,"valueName":"search_term_string"}}],"inLanguage":"de"},{"@type":"Organization","@id":"https:\/\/stoic-mclean.92-205-189-166.plesk.page\/#organization","name":"FERO Immobilien","url":"https:\/\/stoic-mclean.92-205-189-166.plesk.page\/","logo":{"@type":"ImageObject","inLanguage":"de","@id":"https:\/\/stoic-mclean.92-205-189-166.plesk.page\/#\/schema\/logo\/image\/","url":"https:\/\/stoic-mclean.92-205-189-166.plesk.page\/wp-content\/uploads\/2026\/02\/fero-logo-quer.png","contentUrl":"https:\/\/stoic-mclean.92-205-189-166.plesk.page\/wp-content\/uploads\/2026\/02\/fero-logo-quer.png","width":276,"height":97,"caption":"FERO Immobilien"},"image":{"@id":"https:\/\/stoic-mclean.92-205-189-166.plesk.page\/#\/schema\/logo\/image\/"}}]}},"_links":{"self":[{"href":"https:\/\/stoic-mclean.92-205-189-166.plesk.page\/index.php\/wp-json\/wp\/v2\/pages\/17","targetHints":{"allow":["GET"]}}],"collection":[{"href":"https:\/\/stoic-mclean.92-205-189-166.plesk.page\/index.php\/wp-json\/wp\/v2\/pages"}],"about":[{"href":"https:\/\/stoic-mclean.92-205-189-166.plesk.page\/index.php\/wp-json\/wp\/v2\/types\/page"}],"author":[{"embeddable":true,"href":"https:\/\/stoic-mclean.92-205-189-166.plesk.page\/index.php\/wp-json\/wp\/v2\/users\/1"}],"replies":[{"embeddable":true,"href":"https:\/\/stoic-mclean.92-205-189-166.plesk.page\/index.php\/wp-json\/wp\/v2\/comments?post=17"}],"version-history":[{"count":53,"href":"https:\/\/stoic-mclean.92-205-189-166.plesk.page\/index.php\/wp-json\/wp\/v2\/pages\/17\/revisions"}],"predecessor-version":[{"id":347,"href":"https:\/\/stoic-mclean.92-205-189-166.plesk.page\/index.php\/wp-json\/wp\/v2\/pages\/17\/revisions\/347"}],"wp:attachment":[{"href":"https:\/\/stoic-mclean.92-205-189-166.plesk.page\/index.php\/wp-json\/wp\/v2\/media?parent=17"}],"curies":[{"name":"wp","href":"https:\/\/api.w.org\/{rel}","templated":true}]}}