{"id":70,"date":"2026-04-06T18:16:27","date_gmt":"2026-04-06T18:16:27","guid":{"rendered":"https:\/\/stoic-mclean.92-205-189-166.plesk.page\/?page_id=70"},"modified":"2026-04-09T15:39:13","modified_gmt":"2026-04-09T15:39:13","slug":"restnutzungsdauer","status":"publish","type":"page","link":"https:\/\/stoic-mclean.92-205-189-166.plesk.page\/index.php\/restnutzungsdauer\/","title":{"rendered":"Restnutzungsdauer"},"content":{"rendered":"\n<figure class=\"wp-block-image alignfull size-full\"><img loading=\"lazy\" decoding=\"async\" width=\"1950\" height=\"360\" src=\"https:\/\/stoic-mclean.92-205-189-166.plesk.page\/wp-content\/uploads\/2026\/04\/headpic_01.jpg\" alt=\"\" class=\"wp-image-331\" srcset=\"https:\/\/stoic-mclean.92-205-189-166.plesk.page\/wp-content\/uploads\/2026\/04\/headpic_01.jpg 1950w, https:\/\/stoic-mclean.92-205-189-166.plesk.page\/wp-content\/uploads\/2026\/04\/headpic_01-300x55.jpg 300w, https:\/\/stoic-mclean.92-205-189-166.plesk.page\/wp-content\/uploads\/2026\/04\/headpic_01-1024x189.jpg 1024w, https:\/\/stoic-mclean.92-205-189-166.plesk.page\/wp-content\/uploads\/2026\/04\/headpic_01-768x142.jpg 768w, https:\/\/stoic-mclean.92-205-189-166.plesk.page\/wp-content\/uploads\/2026\/04\/headpic_01-1536x284.jpg 1536w\" sizes=\"auto, (max-width: 1950px) 100vw, 1950px\" \/><\/figure>\n\n\n\n<div style=\"height:23px\" aria-hidden=\"true\" class=\"wp-block-spacer\"><\/div>\n\n\n\n<p class=\"has-text-align-center is-style-text-subtitle has-background has-large-font-size is-style-text-subtitle--1\" style=\"background-color:#ebf3f3\"><strong>Restnutzungsdauer<\/strong><\/p>\n\n\n\n<div style=\"height:30px\" aria-hidden=\"true\" class=\"wp-block-spacer\"><\/div>\n\n\n\n<p class=\"has-text-align-center\" style=\"font-style:normal;font-weight:600\">H\u00f6here Abschreibung &#8211; weniger Steuerlast<\/p>\n\n\n\n<p class=\"has-text-align-center\">Unsere Gutachten ermitteln die wirtschaftliche Restnutzungsdauer vermieteter Immobilien und erm\u00f6glichen Ihnen mehr Liquidit\u00e4t.<\/p>\n\n\n\n<hr class=\"wp-block-separator has-alpha-channel-opacity is-style-dots\"\/>\n\n\n\n<p class=\"has-text-align-center\">Bearbeitungszeit<\/p>\n\n\n\n<p class=\"has-text-align-center\">Innerhalb von f\u00fcnf bis 14 Tagen erhalten Sie Ihr Gutachten \u00fcber die Restnutzungsdauer Ihrer Immobilie.<\/p>\n\n\n\n<p class=\"has-text-align-center\">Ben\u00f6tigte Unterlagen<\/p>\n\n\n\n<p class=\"has-text-align-center\">F\u00fcllen Sie unser Formular komplett aus und wir ben\u00f6tigen keine weiteren Unterlagen von Ihnen.<\/p>\n\n\n\n<p class=\"has-text-align-center\">Vor-Ort-Termin<\/p>\n\n\n\n<p class=\"has-text-align-center\">In Ausnahmef\u00e4llen ist eventuell ein Termin vor Ort n\u00f6tig. Sollte dies der Fall sein, kommen wir kurzfristig zu Ihnen.<\/p>\n\n\n\n<p class=\"has-text-align-center\">Ausgangslage<\/p>\n\n\n\n<p class=\"has-text-align-center\">Warum Sie die Restnutzungsdauer einer Immobilie berechnen sollten: Um Steuern zu sparen!<\/p>\n\n\n\n<p class=\"has-text-align-center\">Im Regelfall werden Immobilien in Deutschland mit lediglich 2 % bzw. 2,5 % \u00fcber bis zu 50 Jahre abgeschrieben. Sollte Ihre vermietete Immobilie jedoch \u00e4lter als 25 Jahre sein, bzw. ist nicht innerhalb dieser Zeit vollst\u00e4ndig kernsaniert worden, sind deutlich h\u00f6here Abschreibungss\u00e4tze und damit h\u00f6here Sparpotentiale.<\/p>\n\n\n\n<p class=\"has-text-align-center\">Durch unsere Restnutzungsgutachten ermitteln wir Ihnen die H\u00f6he der Abschreibung. 5 % bis zu 8 % des Geb\u00e4udewertes von \u00e4lteren Geb\u00e4uden sind durchaus m\u00f6glich. Unsere Berechnungen werden bisher nachweislich erfolgreich vom Finanzamt akzeptiert und sparen unseren Kunden mit einer einmaligen Investition von lediglich 599,00 \u20ac somit langfristig oft viele tausend Euro Steuern pro Jahr.<\/p>\n\n\n\n<hr class=\"wp-block-separator has-alpha-channel-opacity is-style-wide is-style-wide--2\" style=\"margin-top:var(--wp--preset--spacing--60);margin-bottom:var(--wp--preset--spacing--60)\"\/>\n\n\n\n<p class=\"has-text-align-center\" style=\"font-style:normal;font-weight:600\">Rechenbeispiel einer m\u00f6glichen Steuerersparnis:<\/p>\n\n\n\n<p class=\"has-text-align-center\">Im Folgenden verdeutlicht das Rechenbeispiel unseres Kunden* die Ergebnisse: Ein Mehrfamilienhaus in Hannover, 5 Parteien, keine Kernsanierung erfolgt, keine gro\u00dfen Instandhaltungsma\u00dfnahmen in den letzten 20 Jahren, Baujahr 1930.<\/p>\n\n\n\n<p class=\"has-text-align-center\">Unser Kunde hat 8.444,25 Euro pro Jahr gespart. Die Kosten f\u00fcr das Gutachten sind im ersten Monat wieder eingespart worden.<\/p>\n\n\n\n<p class=\"has-text-align-center has-small-font-size\">*(dies ist ein Musterkunde &#8211; dieses Beispiel dient nicht als steuerliche Beratung; sprechen Sie hierf\u00fcr bitte mit Ihrem Steuerberater)<\/p>\n\n\n\n<figure class=\"wp-block-table has-medium-font-size\"><table class=\"has-fixed-layout\"><tbody><tr><td><\/td><td>Aktuelle Situation der Immobilie<\/td><td>Betrachtung nach dem Gutachten<\/td><\/tr><tr><td>Kaufpreis<\/td><td>600.000,00 \u20ac<\/td><td>600.000,00 \u20ac<\/td><\/tr><tr><td>Abz\u00fcgl. Bodenrichtwert<\/td><td>150.000,00 \u20ac<\/td><td>150.000,00 \u20ac<\/td><\/tr><tr><td>Wert der Bebauung<\/td><td>450.000,00 \u20ac<\/td><td>450.000,00 \u20ac<\/td><\/tr><tr><td>Restnutzungsdauer<\/td><td>50 Jahre<\/td><td><mark style=\"background-color:rgba(0, 0, 0, 0);color:#ff0000\" class=\"has-inline-color\">15 Jahre<\/mark><\/td><\/tr><tr><td>Abschreibung in % p.a.<\/td><td>2 %<\/td><td><mark style=\"background-color:rgba(0, 0, 0, 0);color:#ff0000\" class=\"has-inline-color\">6,67 %<\/mark><\/td><\/tr><tr><td>Abschreibung in \u20ac p.a.<\/td><td>11.250,00 \u20ac<\/td><td><mark style=\"background-color:rgba(0, 0, 0, 0);color:#ff0000\" class=\"has-inline-color\">30.015,00 \u20ac<\/mark><\/td><\/tr><tr><td>Einkommenssteuersatz<\/td><td>45 %<\/td><td>45 %<\/td><\/tr><tr><td>Reduzierung der Versteuerung<\/td><td><\/td><td>18.765,00 \u20ac<\/td><\/tr><tr><td>Tats\u00e4chliche Ersparnis<\/td><td><\/td><td><strong><mark style=\"background-color:rgba(0, 0, 0, 0);color:#ff0000\" class=\"has-inline-color\">8.444,25 \u20ac<\/mark><\/strong><\/td><\/tr><\/tbody><\/table><\/figure>\n\n\n\n<hr class=\"wp-block-separator has-alpha-channel-opacity is-style-wide is-style-wide--3\" style=\"margin-top:var(--wp--preset--spacing--60);margin-bottom:var(--wp--preset--spacing--60)\"\/>\n\n\n\n<p class=\"has-text-align-center\">Ersteinsch\u00e4tzung Ihrer Immobilie<\/p>\n\n\n\n<p class=\"has-text-align-center\">Wenn Ihre vermietete Immobilie \u00e4lter als 25 Jahre ist und nicht vollst\u00e4ndig kernsaniert wurde, liegen unsere errechneten Abschreibungen im Regelfall h\u00f6her als die 2 % &#8211; 2,5 %, die vom Finanzamt vorgegeben werden.<\/p>\n\n\n\n<p class=\"has-text-align-center\">Bestellung Restnutzungsgutachten f\u00fcr 599,00 \u20ac<\/p>\n\n\n\n<p class=\"has-text-align-center\">Bestellen Sie bequem f\u00fcr einen pauschalen Preis von 599,00 \u20ac Ihr Gutachten \u00fcber unsere Website. Durch den Online-Fragebogen k\u00f6nnen Sie in maximal 15 Minuten alle relevanten Informationen f\u00fcr Ihre Immobilie eintragen.<\/p>\n\n\n\n<p class=\"has-text-align-center\">Gutachtenerstellung durch Sachverst\u00e4ndigen<\/p>\n\n\n\n<p class=\"has-text-align-center\">Ihr Gutachten wird durch zertifizierte Sachverst\u00e4ndige nach DIN EN ISO\/IEC 17024 erstellt und somit vom Finanzamt anerkannt. Das Gutachten erhalten Sie bequem mit der Post &#8211; als auch im PDF-Format digital.<\/p>\n\n\n\n<p class=\"has-text-align-center\">Aufarbeitung f\u00fcr Ihren Steuerberater<\/p>\n\n\n\n<p class=\"has-text-align-center\">Nach Erhalt des Gutachtens leiten Sie das Gutachten mit unserer Emailvorlage f\u00fcr das Finanzamt an Ihren Steuerberater weiter.<\/p>\n","protected":false},"excerpt":{"rendered":"<p>Restnutzungsdauer H\u00f6here Abschreibung &#8211; weniger Steuerlast Unsere Gutachten ermitteln die wirtschaftliche Restnutzungsdauer vermieteter Immobilien und erm\u00f6glichen Ihnen mehr Liquidit\u00e4t. Bearbeitungszeit Innerhalb von f\u00fcnf bis 14 Tagen erhalten Sie Ihr Gutachten \u00fcber die Restnutzungsdauer Ihrer Immobilie. Ben\u00f6tigte Unterlagen F\u00fcllen Sie unser Formular komplett aus und wir ben\u00f6tigen keine weiteren Unterlagen von Ihnen. Vor-Ort-Termin In Ausnahmef\u00e4llen ist [&hellip;]<\/p>\n","protected":false},"author":1,"featured_media":0,"parent":0,"menu_order":0,"comment_status":"closed","ping_status":"closed","template":"page-no-title","meta":{"footnotes":""},"class_list":["post-70","page","type-page","status-publish","hentry"],"yoast_head":"<!-- This site is optimized with the Yoast SEO plugin v27.3 - https:\/\/yoast.com\/product\/yoast-seo-wordpress\/ -->\n<title>Restnutzungsdauer - FERO Immobilien<\/title>\n<meta name=\"robots\" content=\"noindex, follow, max-snippet:-1, max-image-preview:large, max-video-preview:-1\" \/>\n<meta property=\"og:locale\" content=\"de_DE\" \/>\n<meta property=\"og:type\" content=\"article\" \/>\n<meta property=\"og:title\" content=\"Restnutzungsdauer - FERO Immobilien\" \/>\n<meta property=\"og:description\" content=\"Restnutzungsdauer H\u00f6here Abschreibung &#8211; weniger Steuerlast Unsere Gutachten ermitteln die wirtschaftliche Restnutzungsdauer vermieteter Immobilien und erm\u00f6glichen Ihnen mehr Liquidit\u00e4t. Bearbeitungszeit Innerhalb von f\u00fcnf bis 14 Tagen erhalten Sie Ihr Gutachten \u00fcber die Restnutzungsdauer Ihrer Immobilie. Ben\u00f6tigte Unterlagen F\u00fcllen Sie unser Formular komplett aus und wir ben\u00f6tigen keine weiteren Unterlagen von Ihnen. Vor-Ort-Termin In Ausnahmef\u00e4llen ist [&hellip;]\" \/>\n<meta property=\"og:url\" content=\"https:\/\/stoic-mclean.92-205-189-166.plesk.page\/index.php\/restnutzungsdauer\/\" \/>\n<meta property=\"og:site_name\" content=\"FERO Immobilien\" \/>\n<meta property=\"article:modified_time\" content=\"2026-04-09T15:39:13+00:00\" \/>\n<meta property=\"og:image\" content=\"https:\/\/stoic-mclean.92-205-189-166.plesk.page\/wp-content\/uploads\/2026\/04\/headpic_01.jpg\" \/>\n\t<meta property=\"og:image:width\" content=\"1950\" \/>\n\t<meta property=\"og:image:height\" content=\"360\" \/>\n\t<meta property=\"og:image:type\" content=\"image\/jpeg\" \/>\n<meta name=\"twitter:card\" content=\"summary_large_image\" \/>\n<meta name=\"twitter:label1\" content=\"Gesch\u00e4tzte Lesezeit\" \/>\n\t<meta name=\"twitter:data1\" content=\"3\u00a0Minuten\" \/>\n<script type=\"application\/ld+json\" class=\"yoast-schema-graph\">{\"@context\":\"https:\\\/\\\/schema.org\",\"@graph\":[{\"@type\":\"WebPage\",\"@id\":\"https:\\\/\\\/stoic-mclean.92-205-189-166.plesk.page\\\/index.php\\\/restnutzungsdauer\\\/\",\"url\":\"https:\\\/\\\/stoic-mclean.92-205-189-166.plesk.page\\\/index.php\\\/restnutzungsdauer\\\/\",\"name\":\"Restnutzungsdauer - FERO Immobilien\",\"isPartOf\":{\"@id\":\"https:\\\/\\\/stoic-mclean.92-205-189-166.plesk.page\\\/#website\"},\"primaryImageOfPage\":{\"@id\":\"https:\\\/\\\/stoic-mclean.92-205-189-166.plesk.page\\\/index.php\\\/restnutzungsdauer\\\/#primaryimage\"},\"image\":{\"@id\":\"https:\\\/\\\/stoic-mclean.92-205-189-166.plesk.page\\\/index.php\\\/restnutzungsdauer\\\/#primaryimage\"},\"thumbnailUrl\":\"https:\\\/\\\/stoic-mclean.92-205-189-166.plesk.page\\\/wp-content\\\/uploads\\\/2026\\\/04\\\/headpic_01.jpg\",\"datePublished\":\"2026-04-06T18:16:27+00:00\",\"dateModified\":\"2026-04-09T15:39:13+00:00\",\"breadcrumb\":{\"@id\":\"https:\\\/\\\/stoic-mclean.92-205-189-166.plesk.page\\\/index.php\\\/restnutzungsdauer\\\/#breadcrumb\"},\"inLanguage\":\"de\",\"potentialAction\":[{\"@type\":\"ReadAction\",\"target\":[\"https:\\\/\\\/stoic-mclean.92-205-189-166.plesk.page\\\/index.php\\\/restnutzungsdauer\\\/\"]}]},{\"@type\":\"ImageObject\",\"inLanguage\":\"de\",\"@id\":\"https:\\\/\\\/stoic-mclean.92-205-189-166.plesk.page\\\/index.php\\\/restnutzungsdauer\\\/#primaryimage\",\"url\":\"https:\\\/\\\/stoic-mclean.92-205-189-166.plesk.page\\\/wp-content\\\/uploads\\\/2026\\\/04\\\/headpic_01.jpg\",\"contentUrl\":\"https:\\\/\\\/stoic-mclean.92-205-189-166.plesk.page\\\/wp-content\\\/uploads\\\/2026\\\/04\\\/headpic_01.jpg\",\"width\":1950,\"height\":360},{\"@type\":\"BreadcrumbList\",\"@id\":\"https:\\\/\\\/stoic-mclean.92-205-189-166.plesk.page\\\/index.php\\\/restnutzungsdauer\\\/#breadcrumb\",\"itemListElement\":[{\"@type\":\"ListItem\",\"position\":1,\"name\":\"Start\",\"item\":\"https:\\\/\\\/stoic-mclean.92-205-189-166.plesk.page\\\/\"},{\"@type\":\"ListItem\",\"position\":2,\"name\":\"Restnutzungsdauer\"}]},{\"@type\":\"WebSite\",\"@id\":\"https:\\\/\\\/stoic-mclean.92-205-189-166.plesk.page\\\/#website\",\"url\":\"https:\\\/\\\/stoic-mclean.92-205-189-166.plesk.page\\\/\",\"name\":\"FERO Immobilien\",\"description\":\"\u2713 Immobilien direkt vom Profi\",\"publisher\":{\"@id\":\"https:\\\/\\\/stoic-mclean.92-205-189-166.plesk.page\\\/#organization\"},\"potentialAction\":[{\"@type\":\"SearchAction\",\"target\":{\"@type\":\"EntryPoint\",\"urlTemplate\":\"https:\\\/\\\/stoic-mclean.92-205-189-166.plesk.page\\\/?s={search_term_string}\"},\"query-input\":{\"@type\":\"PropertyValueSpecification\",\"valueRequired\":true,\"valueName\":\"search_term_string\"}}],\"inLanguage\":\"de\"},{\"@type\":\"Organization\",\"@id\":\"https:\\\/\\\/stoic-mclean.92-205-189-166.plesk.page\\\/#organization\",\"name\":\"FERO Immobilien\",\"url\":\"https:\\\/\\\/stoic-mclean.92-205-189-166.plesk.page\\\/\",\"logo\":{\"@type\":\"ImageObject\",\"inLanguage\":\"de\",\"@id\":\"https:\\\/\\\/stoic-mclean.92-205-189-166.plesk.page\\\/#\\\/schema\\\/logo\\\/image\\\/\",\"url\":\"https:\\\/\\\/stoic-mclean.92-205-189-166.plesk.page\\\/wp-content\\\/uploads\\\/2026\\\/02\\\/fero-logo-quer.png\",\"contentUrl\":\"https:\\\/\\\/stoic-mclean.92-205-189-166.plesk.page\\\/wp-content\\\/uploads\\\/2026\\\/02\\\/fero-logo-quer.png\",\"width\":276,\"height\":97,\"caption\":\"FERO Immobilien\"},\"image\":{\"@id\":\"https:\\\/\\\/stoic-mclean.92-205-189-166.plesk.page\\\/#\\\/schema\\\/logo\\\/image\\\/\"}}]}<\/script>\n<!-- \/ Yoast SEO plugin. -->","yoast_head_json":{"title":"Restnutzungsdauer - FERO Immobilien","robots":{"index":"noindex","follow":"follow","max-snippet":"max-snippet:-1","max-image-preview":"max-image-preview:large","max-video-preview":"max-video-preview:-1"},"og_locale":"de_DE","og_type":"article","og_title":"Restnutzungsdauer - FERO Immobilien","og_description":"Restnutzungsdauer H\u00f6here Abschreibung &#8211; weniger Steuerlast Unsere Gutachten ermitteln die wirtschaftliche Restnutzungsdauer vermieteter Immobilien und erm\u00f6glichen Ihnen mehr Liquidit\u00e4t. Bearbeitungszeit Innerhalb von f\u00fcnf bis 14 Tagen erhalten Sie Ihr Gutachten \u00fcber die Restnutzungsdauer Ihrer Immobilie. Ben\u00f6tigte Unterlagen F\u00fcllen Sie unser Formular komplett aus und wir ben\u00f6tigen keine weiteren Unterlagen von Ihnen. Vor-Ort-Termin In Ausnahmef\u00e4llen ist [&hellip;]","og_url":"https:\/\/stoic-mclean.92-205-189-166.plesk.page\/index.php\/restnutzungsdauer\/","og_site_name":"FERO Immobilien","article_modified_time":"2026-04-09T15:39:13+00:00","og_image":[{"width":1950,"height":360,"url":"https:\/\/stoic-mclean.92-205-189-166.plesk.page\/wp-content\/uploads\/2026\/04\/headpic_01.jpg","type":"image\/jpeg"}],"twitter_card":"summary_large_image","twitter_misc":{"Gesch\u00e4tzte Lesezeit":"3\u00a0Minuten"},"schema":{"@context":"https:\/\/schema.org","@graph":[{"@type":"WebPage","@id":"https:\/\/stoic-mclean.92-205-189-166.plesk.page\/index.php\/restnutzungsdauer\/","url":"https:\/\/stoic-mclean.92-205-189-166.plesk.page\/index.php\/restnutzungsdauer\/","name":"Restnutzungsdauer - FERO Immobilien","isPartOf":{"@id":"https:\/\/stoic-mclean.92-205-189-166.plesk.page\/#website"},"primaryImageOfPage":{"@id":"https:\/\/stoic-mclean.92-205-189-166.plesk.page\/index.php\/restnutzungsdauer\/#primaryimage"},"image":{"@id":"https:\/\/stoic-mclean.92-205-189-166.plesk.page\/index.php\/restnutzungsdauer\/#primaryimage"},"thumbnailUrl":"https:\/\/stoic-mclean.92-205-189-166.plesk.page\/wp-content\/uploads\/2026\/04\/headpic_01.jpg","datePublished":"2026-04-06T18:16:27+00:00","dateModified":"2026-04-09T15:39:13+00:00","breadcrumb":{"@id":"https:\/\/stoic-mclean.92-205-189-166.plesk.page\/index.php\/restnutzungsdauer\/#breadcrumb"},"inLanguage":"de","potentialAction":[{"@type":"ReadAction","target":["https:\/\/stoic-mclean.92-205-189-166.plesk.page\/index.php\/restnutzungsdauer\/"]}]},{"@type":"ImageObject","inLanguage":"de","@id":"https:\/\/stoic-mclean.92-205-189-166.plesk.page\/index.php\/restnutzungsdauer\/#primaryimage","url":"https:\/\/stoic-mclean.92-205-189-166.plesk.page\/wp-content\/uploads\/2026\/04\/headpic_01.jpg","contentUrl":"https:\/\/stoic-mclean.92-205-189-166.plesk.page\/wp-content\/uploads\/2026\/04\/headpic_01.jpg","width":1950,"height":360},{"@type":"BreadcrumbList","@id":"https:\/\/stoic-mclean.92-205-189-166.plesk.page\/index.php\/restnutzungsdauer\/#breadcrumb","itemListElement":[{"@type":"ListItem","position":1,"name":"Start","item":"https:\/\/stoic-mclean.92-205-189-166.plesk.page\/"},{"@type":"ListItem","position":2,"name":"Restnutzungsdauer"}]},{"@type":"WebSite","@id":"https:\/\/stoic-mclean.92-205-189-166.plesk.page\/#website","url":"https:\/\/stoic-mclean.92-205-189-166.plesk.page\/","name":"FERO Immobilien","description":"\u2713 Immobilien direkt vom Profi","publisher":{"@id":"https:\/\/stoic-mclean.92-205-189-166.plesk.page\/#organization"},"potentialAction":[{"@type":"SearchAction","target":{"@type":"EntryPoint","urlTemplate":"https:\/\/stoic-mclean.92-205-189-166.plesk.page\/?s={search_term_string}"},"query-input":{"@type":"PropertyValueSpecification","valueRequired":true,"valueName":"search_term_string"}}],"inLanguage":"de"},{"@type":"Organization","@id":"https:\/\/stoic-mclean.92-205-189-166.plesk.page\/#organization","name":"FERO Immobilien","url":"https:\/\/stoic-mclean.92-205-189-166.plesk.page\/","logo":{"@type":"ImageObject","inLanguage":"de","@id":"https:\/\/stoic-mclean.92-205-189-166.plesk.page\/#\/schema\/logo\/image\/","url":"https:\/\/stoic-mclean.92-205-189-166.plesk.page\/wp-content\/uploads\/2026\/02\/fero-logo-quer.png","contentUrl":"https:\/\/stoic-mclean.92-205-189-166.plesk.page\/wp-content\/uploads\/2026\/02\/fero-logo-quer.png","width":276,"height":97,"caption":"FERO Immobilien"},"image":{"@id":"https:\/\/stoic-mclean.92-205-189-166.plesk.page\/#\/schema\/logo\/image\/"}}]}},"_links":{"self":[{"href":"https:\/\/stoic-mclean.92-205-189-166.plesk.page\/index.php\/wp-json\/wp\/v2\/pages\/70","targetHints":{"allow":["GET"]}}],"collection":[{"href":"https:\/\/stoic-mclean.92-205-189-166.plesk.page\/index.php\/wp-json\/wp\/v2\/pages"}],"about":[{"href":"https:\/\/stoic-mclean.92-205-189-166.plesk.page\/index.php\/wp-json\/wp\/v2\/types\/page"}],"author":[{"embeddable":true,"href":"https:\/\/stoic-mclean.92-205-189-166.plesk.page\/index.php\/wp-json\/wp\/v2\/users\/1"}],"replies":[{"embeddable":true,"href":"https:\/\/stoic-mclean.92-205-189-166.plesk.page\/index.php\/wp-json\/wp\/v2\/comments?post=70"}],"version-history":[{"count":42,"href":"https:\/\/stoic-mclean.92-205-189-166.plesk.page\/index.php\/wp-json\/wp\/v2\/pages\/70\/revisions"}],"predecessor-version":[{"id":348,"href":"https:\/\/stoic-mclean.92-205-189-166.plesk.page\/index.php\/wp-json\/wp\/v2\/pages\/70\/revisions\/348"}],"wp:attachment":[{"href":"https:\/\/stoic-mclean.92-205-189-166.plesk.page\/index.php\/wp-json\/wp\/v2\/media?parent=70"}],"curies":[{"name":"wp","href":"https:\/\/api.w.org\/{rel}","templated":true}]}}