{"id":76,"date":"2026-04-06T18:14:46","date_gmt":"2026-04-06T18:14:46","guid":{"rendered":"https:\/\/stoic-mclean.92-205-189-166.plesk.page\/?page_id=76"},"modified":"2026-04-09T15:38:39","modified_gmt":"2026-04-09T15:38:39","slug":"aufmass","status":"publish","type":"page","link":"https:\/\/stoic-mclean.92-205-189-166.plesk.page\/index.php\/aufmass\/","title":{"rendered":"Aufma\u00df"},"content":{"rendered":"\n<figure class=\"wp-block-image alignfull size-full\"><img loading=\"lazy\" decoding=\"async\" width=\"1950\" height=\"360\" src=\"https:\/\/stoic-mclean.92-205-189-166.plesk.page\/wp-content\/uploads\/2026\/04\/headpic_05.jpg\" alt=\"\" class=\"wp-image-345\" srcset=\"https:\/\/stoic-mclean.92-205-189-166.plesk.page\/wp-content\/uploads\/2026\/04\/headpic_05.jpg 1950w, https:\/\/stoic-mclean.92-205-189-166.plesk.page\/wp-content\/uploads\/2026\/04\/headpic_05-300x55.jpg 300w, https:\/\/stoic-mclean.92-205-189-166.plesk.page\/wp-content\/uploads\/2026\/04\/headpic_05-1024x189.jpg 1024w, https:\/\/stoic-mclean.92-205-189-166.plesk.page\/wp-content\/uploads\/2026\/04\/headpic_05-768x142.jpg 768w, https:\/\/stoic-mclean.92-205-189-166.plesk.page\/wp-content\/uploads\/2026\/04\/headpic_05-1536x284.jpg 1536w\" sizes=\"auto, (max-width: 1950px) 100vw, 1950px\" \/><\/figure>\n\n\n\n<div style=\"height:23px\" aria-hidden=\"true\" class=\"wp-block-spacer\"><\/div>\n\n\n\n<p class=\"has-text-align-center is-style-text-subtitle has-background has-large-font-size is-style-text-subtitle--1\" style=\"background-color:#ebf3f3\"><strong>Aufma\u00df<\/strong> Ihrer Immobilie<\/p>\n\n\n\n<div style=\"height:30px\" aria-hidden=\"true\" class=\"wp-block-spacer\"><\/div>\n\n\n\n<div class=\"wp-block-columns is-layout-flex wp-container-core-columns-is-layout-28f84493 wp-block-columns-is-layout-flex\">\n<div class=\"wp-block-column is-layout-flow wp-block-column-is-layout-flow\">\n<p class=\"has-text-align-left\">Der alte Grundriss l\u00e4sst sich nur noch schlecht lesen &#8211; oder ist gar nicht mehr vorhanden?<\/p>\n\n\n\n<p class=\"has-text-align-left\">Kein Problem &#8211; wir bieten Ihnen eine schnelle M\u00f6glichkeit, wieder einen bema\u00dften und nach DIN angefertigten Grundriss f\u00fcr Ihre Unterlagen zu erhalten.<\/p>\n\n\n\n<p class=\"has-text-align-left\">Wir erstellen f\u00fcr Sie pauschalisierte Grundrisse, welche Sie f\u00fcr die Vervollst\u00e4ndigung Ihrer Akten, z.B. bei Ankauf oder Refinanzierung der Bank vorlegen k\u00f6nnen. Wir arbeiten hier streng nach DIN und erstellen Ihnen einen bema\u00dften Grundriss sowie eine aussagekr\u00e4ftige Wohnfl\u00e4chenberechnung in tabellarischer Form, welche auch von einem Sachverst\u00e4ndigen unterschrieben wird. Auch f\u00fcr Ankauf oder Verkauf zur Vorlage bei der Bank zu verwenden.<\/p>\n<\/div>\n\n\n\n<div class=\"wp-block-column is-layout-flow wp-block-column-is-layout-flow\">\n<figure class=\"wp-block-image aligncenter size-full is-resized\"><img loading=\"lazy\" decoding=\"async\" width=\"474\" height=\"611\" src=\"https:\/\/stoic-mclean.92-205-189-166.plesk.page\/wp-content\/uploads\/2026\/04\/aufmass_01.png\" alt=\"\" class=\"wp-image-315\" style=\"aspect-ratio:0.7757763079457937;width:446px;height:auto\" srcset=\"https:\/\/stoic-mclean.92-205-189-166.plesk.page\/wp-content\/uploads\/2026\/04\/aufmass_01.png 474w, https:\/\/stoic-mclean.92-205-189-166.plesk.page\/wp-content\/uploads\/2026\/04\/aufmass_01-233x300.png 233w\" sizes=\"auto, (max-width: 474px) 100vw, 474px\" \/><\/figure>\n<\/div>\n<\/div>\n\n\n\n<div class=\"wp-block-columns is-layout-flex wp-container-core-columns-is-layout-0884d4d2 wp-block-columns-is-layout-flex\" style=\"margin-top:var(--wp--preset--spacing--50);margin-bottom:var(--wp--preset--spacing--50)\">\n<div class=\"wp-block-column is-layout-flow wp-block-column-is-layout-flow\">\n<figure class=\"wp-block-image size-full is-resized\"><img loading=\"lazy\" decoding=\"async\" width=\"535\" height=\"353\" src=\"https:\/\/stoic-mclean.92-205-189-166.plesk.page\/wp-content\/uploads\/2026\/04\/3d_abbildung_01.png\" alt=\"\" class=\"wp-image-316\" style=\"width:506px;height:auto\" srcset=\"https:\/\/stoic-mclean.92-205-189-166.plesk.page\/wp-content\/uploads\/2026\/04\/3d_abbildung_01.png 535w, https:\/\/stoic-mclean.92-205-189-166.plesk.page\/wp-content\/uploads\/2026\/04\/3d_abbildung_01-300x198.png 300w\" sizes=\"auto, (max-width: 535px) 100vw, 535px\" \/><\/figure>\n<\/div>\n\n\n\n<div class=\"wp-block-column is-layout-flow wp-block-column-is-layout-flow\">\n<p class=\"has-text-align-left\">Auf Wunsch erstellen wir Ihnen auch gerne 3D-Modelle Ihrer Immobilie. Diese k\u00f6nnen auf Wunsch auch m\u00f6bliert werden.<\/p>\n\n\n\n<p class=\"has-text-align-left\">Wir fertigen Grundrisse f\u00fcr alle Arten von Immobilien an, von der Ein-Zimmer-Wohnung bis hin zum kompletten Aufma\u00df von Wohn- und Gesch\u00e4ftsh\u00e4usern. Preis ab 249,00 \u20ac inkl. 19% MwSt.<\/p>\n<\/div>\n<\/div>\n\n\n\n<p class=\"has-text-align-center\"><\/p>\n","protected":false},"excerpt":{"rendered":"<p>Aufma\u00df Ihrer Immobilie Der alte Grundriss l\u00e4sst sich nur noch schlecht lesen &#8211; oder ist gar nicht mehr vorhanden? Kein Problem &#8211; wir bieten Ihnen eine schnelle M\u00f6glichkeit, wieder einen bema\u00dften und nach DIN angefertigten Grundriss f\u00fcr Ihre Unterlagen zu erhalten. Wir erstellen f\u00fcr Sie pauschalisierte Grundrisse, welche Sie f\u00fcr die Vervollst\u00e4ndigung Ihrer Akten, z.B. [&hellip;]<\/p>\n","protected":false},"author":1,"featured_media":0,"parent":0,"menu_order":0,"comment_status":"closed","ping_status":"closed","template":"page-no-title","meta":{"footnotes":""},"class_list":["post-76","page","type-page","status-publish","hentry"],"yoast_head":"<!-- This site is optimized with the Yoast SEO plugin v27.3 - https:\/\/yoast.com\/product\/yoast-seo-wordpress\/ -->\n<title>Aufma\u00df - FERO Immobilien<\/title>\n<meta name=\"robots\" content=\"noindex, follow, max-snippet:-1, max-image-preview:large, max-video-preview:-1\" \/>\n<meta property=\"og:locale\" content=\"de_DE\" \/>\n<meta property=\"og:type\" content=\"article\" \/>\n<meta property=\"og:title\" content=\"Aufma\u00df - FERO Immobilien\" \/>\n<meta property=\"og:description\" content=\"Aufma\u00df Ihrer Immobilie Der alte Grundriss l\u00e4sst sich nur noch schlecht lesen &#8211; oder ist gar nicht mehr vorhanden? Kein Problem &#8211; wir bieten Ihnen eine schnelle M\u00f6glichkeit, wieder einen bema\u00dften und nach DIN angefertigten Grundriss f\u00fcr Ihre Unterlagen zu erhalten. Wir erstellen f\u00fcr Sie pauschalisierte Grundrisse, welche Sie f\u00fcr die Vervollst\u00e4ndigung Ihrer Akten, z.B. [&hellip;]\" \/>\n<meta property=\"og:url\" content=\"https:\/\/stoic-mclean.92-205-189-166.plesk.page\/index.php\/aufmass\/\" \/>\n<meta property=\"og:site_name\" content=\"FERO Immobilien\" \/>\n<meta property=\"article:modified_time\" content=\"2026-04-09T15:38:39+00:00\" \/>\n<meta property=\"og:image\" content=\"https:\/\/stoic-mclean.92-205-189-166.plesk.page\/wp-content\/uploads\/2026\/04\/headpic_05.jpg\" \/>\n\t<meta property=\"og:image:width\" content=\"1950\" \/>\n\t<meta property=\"og:image:height\" content=\"360\" \/>\n\t<meta property=\"og:image:type\" content=\"image\/jpeg\" \/>\n<meta name=\"twitter:card\" content=\"summary_large_image\" \/>\n<meta name=\"twitter:label1\" content=\"Gesch\u00e4tzte Lesezeit\" \/>\n\t<meta name=\"twitter:data1\" content=\"2\u00a0Minuten\" \/>\n<script type=\"application\/ld+json\" class=\"yoast-schema-graph\">{\"@context\":\"https:\\\/\\\/schema.org\",\"@graph\":[{\"@type\":\"WebPage\",\"@id\":\"https:\\\/\\\/stoic-mclean.92-205-189-166.plesk.page\\\/index.php\\\/aufmass\\\/\",\"url\":\"https:\\\/\\\/stoic-mclean.92-205-189-166.plesk.page\\\/index.php\\\/aufmass\\\/\",\"name\":\"Aufma\u00df - FERO Immobilien\",\"isPartOf\":{\"@id\":\"https:\\\/\\\/stoic-mclean.92-205-189-166.plesk.page\\\/#website\"},\"primaryImageOfPage\":{\"@id\":\"https:\\\/\\\/stoic-mclean.92-205-189-166.plesk.page\\\/index.php\\\/aufmass\\\/#primaryimage\"},\"image\":{\"@id\":\"https:\\\/\\\/stoic-mclean.92-205-189-166.plesk.page\\\/index.php\\\/aufmass\\\/#primaryimage\"},\"thumbnailUrl\":\"https:\\\/\\\/stoic-mclean.92-205-189-166.plesk.page\\\/wp-content\\\/uploads\\\/2026\\\/04\\\/headpic_05.jpg\",\"datePublished\":\"2026-04-06T18:14:46+00:00\",\"dateModified\":\"2026-04-09T15:38:39+00:00\",\"breadcrumb\":{\"@id\":\"https:\\\/\\\/stoic-mclean.92-205-189-166.plesk.page\\\/index.php\\\/aufmass\\\/#breadcrumb\"},\"inLanguage\":\"de\",\"potentialAction\":[{\"@type\":\"ReadAction\",\"target\":[\"https:\\\/\\\/stoic-mclean.92-205-189-166.plesk.page\\\/index.php\\\/aufmass\\\/\"]}]},{\"@type\":\"ImageObject\",\"inLanguage\":\"de\",\"@id\":\"https:\\\/\\\/stoic-mclean.92-205-189-166.plesk.page\\\/index.php\\\/aufmass\\\/#primaryimage\",\"url\":\"https:\\\/\\\/stoic-mclean.92-205-189-166.plesk.page\\\/wp-content\\\/uploads\\\/2026\\\/04\\\/headpic_05.jpg\",\"contentUrl\":\"https:\\\/\\\/stoic-mclean.92-205-189-166.plesk.page\\\/wp-content\\\/uploads\\\/2026\\\/04\\\/headpic_05.jpg\",\"width\":1950,\"height\":360},{\"@type\":\"BreadcrumbList\",\"@id\":\"https:\\\/\\\/stoic-mclean.92-205-189-166.plesk.page\\\/index.php\\\/aufmass\\\/#breadcrumb\",\"itemListElement\":[{\"@type\":\"ListItem\",\"position\":1,\"name\":\"Start\",\"item\":\"https:\\\/\\\/stoic-mclean.92-205-189-166.plesk.page\\\/\"},{\"@type\":\"ListItem\",\"position\":2,\"name\":\"Aufma\u00df\"}]},{\"@type\":\"WebSite\",\"@id\":\"https:\\\/\\\/stoic-mclean.92-205-189-166.plesk.page\\\/#website\",\"url\":\"https:\\\/\\\/stoic-mclean.92-205-189-166.plesk.page\\\/\",\"name\":\"FERO Immobilien\",\"description\":\"\u2713 Immobilien direkt vom Profi\",\"publisher\":{\"@id\":\"https:\\\/\\\/stoic-mclean.92-205-189-166.plesk.page\\\/#organization\"},\"potentialAction\":[{\"@type\":\"SearchAction\",\"target\":{\"@type\":\"EntryPoint\",\"urlTemplate\":\"https:\\\/\\\/stoic-mclean.92-205-189-166.plesk.page\\\/?s={search_term_string}\"},\"query-input\":{\"@type\":\"PropertyValueSpecification\",\"valueRequired\":true,\"valueName\":\"search_term_string\"}}],\"inLanguage\":\"de\"},{\"@type\":\"Organization\",\"@id\":\"https:\\\/\\\/stoic-mclean.92-205-189-166.plesk.page\\\/#organization\",\"name\":\"FERO Immobilien\",\"url\":\"https:\\\/\\\/stoic-mclean.92-205-189-166.plesk.page\\\/\",\"logo\":{\"@type\":\"ImageObject\",\"inLanguage\":\"de\",\"@id\":\"https:\\\/\\\/stoic-mclean.92-205-189-166.plesk.page\\\/#\\\/schema\\\/logo\\\/image\\\/\",\"url\":\"https:\\\/\\\/stoic-mclean.92-205-189-166.plesk.page\\\/wp-content\\\/uploads\\\/2026\\\/02\\\/fero-logo-quer.png\",\"contentUrl\":\"https:\\\/\\\/stoic-mclean.92-205-189-166.plesk.page\\\/wp-content\\\/uploads\\\/2026\\\/02\\\/fero-logo-quer.png\",\"width\":276,\"height\":97,\"caption\":\"FERO Immobilien\"},\"image\":{\"@id\":\"https:\\\/\\\/stoic-mclean.92-205-189-166.plesk.page\\\/#\\\/schema\\\/logo\\\/image\\\/\"}}]}<\/script>\n<!-- \/ Yoast SEO plugin. -->","yoast_head_json":{"title":"Aufma\u00df - FERO Immobilien","robots":{"index":"noindex","follow":"follow","max-snippet":"max-snippet:-1","max-image-preview":"max-image-preview:large","max-video-preview":"max-video-preview:-1"},"og_locale":"de_DE","og_type":"article","og_title":"Aufma\u00df - FERO Immobilien","og_description":"Aufma\u00df Ihrer Immobilie Der alte Grundriss l\u00e4sst sich nur noch schlecht lesen &#8211; oder ist gar nicht mehr vorhanden? Kein Problem &#8211; wir bieten Ihnen eine schnelle M\u00f6glichkeit, wieder einen bema\u00dften und nach DIN angefertigten Grundriss f\u00fcr Ihre Unterlagen zu erhalten. Wir erstellen f\u00fcr Sie pauschalisierte Grundrisse, welche Sie f\u00fcr die Vervollst\u00e4ndigung Ihrer Akten, z.B. [&hellip;]","og_url":"https:\/\/stoic-mclean.92-205-189-166.plesk.page\/index.php\/aufmass\/","og_site_name":"FERO Immobilien","article_modified_time":"2026-04-09T15:38:39+00:00","og_image":[{"width":1950,"height":360,"url":"https:\/\/stoic-mclean.92-205-189-166.plesk.page\/wp-content\/uploads\/2026\/04\/headpic_05.jpg","type":"image\/jpeg"}],"twitter_card":"summary_large_image","twitter_misc":{"Gesch\u00e4tzte Lesezeit":"2\u00a0Minuten"},"schema":{"@context":"https:\/\/schema.org","@graph":[{"@type":"WebPage","@id":"https:\/\/stoic-mclean.92-205-189-166.plesk.page\/index.php\/aufmass\/","url":"https:\/\/stoic-mclean.92-205-189-166.plesk.page\/index.php\/aufmass\/","name":"Aufma\u00df - FERO Immobilien","isPartOf":{"@id":"https:\/\/stoic-mclean.92-205-189-166.plesk.page\/#website"},"primaryImageOfPage":{"@id":"https:\/\/stoic-mclean.92-205-189-166.plesk.page\/index.php\/aufmass\/#primaryimage"},"image":{"@id":"https:\/\/stoic-mclean.92-205-189-166.plesk.page\/index.php\/aufmass\/#primaryimage"},"thumbnailUrl":"https:\/\/stoic-mclean.92-205-189-166.plesk.page\/wp-content\/uploads\/2026\/04\/headpic_05.jpg","datePublished":"2026-04-06T18:14:46+00:00","dateModified":"2026-04-09T15:38:39+00:00","breadcrumb":{"@id":"https:\/\/stoic-mclean.92-205-189-166.plesk.page\/index.php\/aufmass\/#breadcrumb"},"inLanguage":"de","potentialAction":[{"@type":"ReadAction","target":["https:\/\/stoic-mclean.92-205-189-166.plesk.page\/index.php\/aufmass\/"]}]},{"@type":"ImageObject","inLanguage":"de","@id":"https:\/\/stoic-mclean.92-205-189-166.plesk.page\/index.php\/aufmass\/#primaryimage","url":"https:\/\/stoic-mclean.92-205-189-166.plesk.page\/wp-content\/uploads\/2026\/04\/headpic_05.jpg","contentUrl":"https:\/\/stoic-mclean.92-205-189-166.plesk.page\/wp-content\/uploads\/2026\/04\/headpic_05.jpg","width":1950,"height":360},{"@type":"BreadcrumbList","@id":"https:\/\/stoic-mclean.92-205-189-166.plesk.page\/index.php\/aufmass\/#breadcrumb","itemListElement":[{"@type":"ListItem","position":1,"name":"Start","item":"https:\/\/stoic-mclean.92-205-189-166.plesk.page\/"},{"@type":"ListItem","position":2,"name":"Aufma\u00df"}]},{"@type":"WebSite","@id":"https:\/\/stoic-mclean.92-205-189-166.plesk.page\/#website","url":"https:\/\/stoic-mclean.92-205-189-166.plesk.page\/","name":"FERO Immobilien","description":"\u2713 Immobilien direkt vom Profi","publisher":{"@id":"https:\/\/stoic-mclean.92-205-189-166.plesk.page\/#organization"},"potentialAction":[{"@type":"SearchAction","target":{"@type":"EntryPoint","urlTemplate":"https:\/\/stoic-mclean.92-205-189-166.plesk.page\/?s={search_term_string}"},"query-input":{"@type":"PropertyValueSpecification","valueRequired":true,"valueName":"search_term_string"}}],"inLanguage":"de"},{"@type":"Organization","@id":"https:\/\/stoic-mclean.92-205-189-166.plesk.page\/#organization","name":"FERO Immobilien","url":"https:\/\/stoic-mclean.92-205-189-166.plesk.page\/","logo":{"@type":"ImageObject","inLanguage":"de","@id":"https:\/\/stoic-mclean.92-205-189-166.plesk.page\/#\/schema\/logo\/image\/","url":"https:\/\/stoic-mclean.92-205-189-166.plesk.page\/wp-content\/uploads\/2026\/02\/fero-logo-quer.png","contentUrl":"https:\/\/stoic-mclean.92-205-189-166.plesk.page\/wp-content\/uploads\/2026\/02\/fero-logo-quer.png","width":276,"height":97,"caption":"FERO Immobilien"},"image":{"@id":"https:\/\/stoic-mclean.92-205-189-166.plesk.page\/#\/schema\/logo\/image\/"}}]}},"_links":{"self":[{"href":"https:\/\/stoic-mclean.92-205-189-166.plesk.page\/index.php\/wp-json\/wp\/v2\/pages\/76","targetHints":{"allow":["GET"]}}],"collection":[{"href":"https:\/\/stoic-mclean.92-205-189-166.plesk.page\/index.php\/wp-json\/wp\/v2\/pages"}],"about":[{"href":"https:\/\/stoic-mclean.92-205-189-166.plesk.page\/index.php\/wp-json\/wp\/v2\/types\/page"}],"author":[{"embeddable":true,"href":"https:\/\/stoic-mclean.92-205-189-166.plesk.page\/index.php\/wp-json\/wp\/v2\/users\/1"}],"replies":[{"embeddable":true,"href":"https:\/\/stoic-mclean.92-205-189-166.plesk.page\/index.php\/wp-json\/wp\/v2\/comments?post=76"}],"version-history":[{"count":15,"href":"https:\/\/stoic-mclean.92-205-189-166.plesk.page\/index.php\/wp-json\/wp\/v2\/pages\/76\/revisions"}],"predecessor-version":[{"id":346,"href":"https:\/\/stoic-mclean.92-205-189-166.plesk.page\/index.php\/wp-json\/wp\/v2\/pages\/76\/revisions\/346"}],"wp:attachment":[{"href":"https:\/\/stoic-mclean.92-205-189-166.plesk.page\/index.php\/wp-json\/wp\/v2\/media?parent=76"}],"curies":[{"name":"wp","href":"https:\/\/api.w.org\/{rel}","templated":true}]}}