{"id":80,"date":"2026-04-06T18:16:18","date_gmt":"2026-04-06T18:16:18","guid":{"rendered":"https:\/\/stoic-mclean.92-205-189-166.plesk.page\/?page_id=80"},"modified":"2026-04-09T14:29:11","modified_gmt":"2026-04-09T14:29:11","slug":"kontakt","status":"publish","type":"page","link":"https:\/\/stoic-mclean.92-205-189-166.plesk.page\/index.php\/kontakt\/","title":{"rendered":"Kontakt"},"content":{"rendered":"\n<div style=\"height:23px\" aria-hidden=\"true\" class=\"wp-block-spacer\"><\/div>\n\n\n\n<p class=\"has-text-align-center is-style-text-subtitle has-background has-large-font-size is-style-text-subtitle--1\" style=\"background-color:#ebf3f3\"><strong>Kontakt<\/strong><\/p>\n\n\n\n<div style=\"height:30px\" aria-hidden=\"true\" class=\"wp-block-spacer\"><\/div>\n\n\n\n<p class=\"has-text-align-center\">Wie und wo Sie uns finden:<\/p>\n\n\n\n<hr class=\"wp-block-separator has-alpha-channel-opacity is-style-wide is-style-wide--2\" style=\"margin-top:var(--wp--preset--spacing--60);margin-bottom:var(--wp--preset--spacing--60)\"\/>\n\n\n\n<div class=\"wp-block-columns is-layout-flex wp-container-core-columns-is-layout-28f84493 wp-block-columns-is-layout-flex\">\n<div class=\"wp-block-column is-layout-flow wp-block-column-is-layout-flow\" style=\"flex-basis:25%\"><\/div>\n\n\n\n<div class=\"wp-block-column is-layout-flow wp-block-column-is-layout-flow\" style=\"flex-basis:50%\">\n<p style=\"font-style:normal;font-weight:600\">FERO Immobilien GmbH<br>K\u00f6lner Stra\u00dfe 309<br>45481 M\u00fclheim an der Ruhr<br>Deutschland<\/p>\n\n\n\n<p>Tel. Office: +49 (0)208 \/ 30 565 100<\/p>\n\n\n\n<p>Fax: +49 (0)208 \/ 30 565 102<\/p>\n\n\n\n<p>Email: info [at] fero-immobilien .de<\/p>\n<\/div>\n\n\n\n<div class=\"wp-block-column is-layout-flow wp-block-column-is-layout-flow\" style=\"flex-basis:25%\"><\/div>\n<\/div>\n\n\n\n<hr class=\"wp-block-separator has-alpha-channel-opacity is-style-wide is-style-wide--3\" style=\"margin-top:var(--wp--preset--spacing--60);margin-bottom:var(--wp--preset--spacing--60)\"\/>\n\n\n\n<p>Kontaktformular:<\/p>\n\n\n\n<p>(folgt)<\/p>\n\n\n\n<div style=\"height:132px\" aria-hidden=\"true\" class=\"wp-block-spacer\"><\/div>\n\n\n\n<p><\/p>\n\n\n\n<p class=\"has-small-font-size\">Es gilt unsere Datenschutzerkl\u00e4rung.<br>Hinweis: Bitte die mit * gekennzeichneten Felder ausf\u00fcllen.<\/p>\n\n\n\n<p><\/p>\n","protected":false},"excerpt":{"rendered":"<p>Kontakt Wie und wo Sie uns finden: FERO Immobilien GmbHK\u00f6lner Stra\u00dfe 30945481 M\u00fclheim an der RuhrDeutschland Tel. Office: +49 (0)208 \/ 30 565 100 Fax: +49 (0)208 \/ 30 565 102 Email: info [at] fero-immobilien .de Kontaktformular: (folgt) Es gilt unsere Datenschutzerkl\u00e4rung.Hinweis: Bitte die mit * gekennzeichneten Felder ausf\u00fcllen.<\/p>\n","protected":false},"author":1,"featured_media":0,"parent":0,"menu_order":0,"comment_status":"closed","ping_status":"closed","template":"page-no-title","meta":{"footnotes":""},"class_list":["post-80","page","type-page","status-publish","hentry"],"yoast_head":"<!-- This site is optimized with the Yoast SEO plugin v27.3 - https:\/\/yoast.com\/product\/yoast-seo-wordpress\/ -->\n<title>Kontakt - FERO Immobilien<\/title>\n<meta name=\"robots\" content=\"noindex, follow, max-snippet:-1, max-image-preview:large, max-video-preview:-1\" \/>\n<meta property=\"og:locale\" content=\"de_DE\" \/>\n<meta property=\"og:type\" content=\"article\" \/>\n<meta property=\"og:title\" content=\"Kontakt - FERO Immobilien\" \/>\n<meta property=\"og:description\" content=\"Kontakt Wie und wo Sie uns finden: FERO Immobilien GmbHK\u00f6lner Stra\u00dfe 30945481 M\u00fclheim an der RuhrDeutschland Tel. Office: +49 (0)208 \/ 30 565 100 Fax: +49 (0)208 \/ 30 565 102 Email: info [at] fero-immobilien .de Kontaktformular: (folgt) Es gilt unsere Datenschutzerkl\u00e4rung.Hinweis: Bitte die mit * gekennzeichneten Felder ausf\u00fcllen.\" \/>\n<meta property=\"og:url\" content=\"https:\/\/stoic-mclean.92-205-189-166.plesk.page\/index.php\/kontakt\/\" \/>\n<meta property=\"og:site_name\" content=\"FERO Immobilien\" \/>\n<meta property=\"article:modified_time\" content=\"2026-04-09T14:29:11+00:00\" \/>\n<meta name=\"twitter:card\" content=\"summary_large_image\" \/>\n<meta name=\"twitter:label1\" content=\"Gesch\u00e4tzte Lesezeit\" \/>\n\t<meta name=\"twitter:data1\" content=\"1\u00a0Minute\" \/>\n<script type=\"application\/ld+json\" class=\"yoast-schema-graph\">{\"@context\":\"https:\\\/\\\/schema.org\",\"@graph\":[{\"@type\":\"WebPage\",\"@id\":\"https:\\\/\\\/stoic-mclean.92-205-189-166.plesk.page\\\/index.php\\\/kontakt\\\/\",\"url\":\"https:\\\/\\\/stoic-mclean.92-205-189-166.plesk.page\\\/index.php\\\/kontakt\\\/\",\"name\":\"Kontakt - FERO Immobilien\",\"isPartOf\":{\"@id\":\"https:\\\/\\\/stoic-mclean.92-205-189-166.plesk.page\\\/#website\"},\"datePublished\":\"2026-04-06T18:16:18+00:00\",\"dateModified\":\"2026-04-09T14:29:11+00:00\",\"breadcrumb\":{\"@id\":\"https:\\\/\\\/stoic-mclean.92-205-189-166.plesk.page\\\/index.php\\\/kontakt\\\/#breadcrumb\"},\"inLanguage\":\"de\",\"potentialAction\":[{\"@type\":\"ReadAction\",\"target\":[\"https:\\\/\\\/stoic-mclean.92-205-189-166.plesk.page\\\/index.php\\\/kontakt\\\/\"]}]},{\"@type\":\"BreadcrumbList\",\"@id\":\"https:\\\/\\\/stoic-mclean.92-205-189-166.plesk.page\\\/index.php\\\/kontakt\\\/#breadcrumb\",\"itemListElement\":[{\"@type\":\"ListItem\",\"position\":1,\"name\":\"Start\",\"item\":\"https:\\\/\\\/stoic-mclean.92-205-189-166.plesk.page\\\/\"},{\"@type\":\"ListItem\",\"position\":2,\"name\":\"Kontakt\"}]},{\"@type\":\"WebSite\",\"@id\":\"https:\\\/\\\/stoic-mclean.92-205-189-166.plesk.page\\\/#website\",\"url\":\"https:\\\/\\\/stoic-mclean.92-205-189-166.plesk.page\\\/\",\"name\":\"FERO Immobilien\",\"description\":\"\u2713 Immobilien direkt vom Profi\",\"publisher\":{\"@id\":\"https:\\\/\\\/stoic-mclean.92-205-189-166.plesk.page\\\/#organization\"},\"potentialAction\":[{\"@type\":\"SearchAction\",\"target\":{\"@type\":\"EntryPoint\",\"urlTemplate\":\"https:\\\/\\\/stoic-mclean.92-205-189-166.plesk.page\\\/?s={search_term_string}\"},\"query-input\":{\"@type\":\"PropertyValueSpecification\",\"valueRequired\":true,\"valueName\":\"search_term_string\"}}],\"inLanguage\":\"de\"},{\"@type\":\"Organization\",\"@id\":\"https:\\\/\\\/stoic-mclean.92-205-189-166.plesk.page\\\/#organization\",\"name\":\"FERO Immobilien\",\"url\":\"https:\\\/\\\/stoic-mclean.92-205-189-166.plesk.page\\\/\",\"logo\":{\"@type\":\"ImageObject\",\"inLanguage\":\"de\",\"@id\":\"https:\\\/\\\/stoic-mclean.92-205-189-166.plesk.page\\\/#\\\/schema\\\/logo\\\/image\\\/\",\"url\":\"https:\\\/\\\/stoic-mclean.92-205-189-166.plesk.page\\\/wp-content\\\/uploads\\\/2026\\\/02\\\/fero-logo-quer.png\",\"contentUrl\":\"https:\\\/\\\/stoic-mclean.92-205-189-166.plesk.page\\\/wp-content\\\/uploads\\\/2026\\\/02\\\/fero-logo-quer.png\",\"width\":276,\"height\":97,\"caption\":\"FERO Immobilien\"},\"image\":{\"@id\":\"https:\\\/\\\/stoic-mclean.92-205-189-166.plesk.page\\\/#\\\/schema\\\/logo\\\/image\\\/\"}}]}<\/script>\n<!-- \/ Yoast SEO plugin. -->","yoast_head_json":{"title":"Kontakt - FERO Immobilien","robots":{"index":"noindex","follow":"follow","max-snippet":"max-snippet:-1","max-image-preview":"max-image-preview:large","max-video-preview":"max-video-preview:-1"},"og_locale":"de_DE","og_type":"article","og_title":"Kontakt - FERO Immobilien","og_description":"Kontakt Wie und wo Sie uns finden: FERO Immobilien GmbHK\u00f6lner Stra\u00dfe 30945481 M\u00fclheim an der RuhrDeutschland Tel. Office: +49 (0)208 \/ 30 565 100 Fax: +49 (0)208 \/ 30 565 102 Email: info [at] fero-immobilien .de Kontaktformular: (folgt) Es gilt unsere Datenschutzerkl\u00e4rung.Hinweis: Bitte die mit * gekennzeichneten Felder ausf\u00fcllen.","og_url":"https:\/\/stoic-mclean.92-205-189-166.plesk.page\/index.php\/kontakt\/","og_site_name":"FERO Immobilien","article_modified_time":"2026-04-09T14:29:11+00:00","twitter_card":"summary_large_image","twitter_misc":{"Gesch\u00e4tzte Lesezeit":"1\u00a0Minute"},"schema":{"@context":"https:\/\/schema.org","@graph":[{"@type":"WebPage","@id":"https:\/\/stoic-mclean.92-205-189-166.plesk.page\/index.php\/kontakt\/","url":"https:\/\/stoic-mclean.92-205-189-166.plesk.page\/index.php\/kontakt\/","name":"Kontakt - FERO Immobilien","isPartOf":{"@id":"https:\/\/stoic-mclean.92-205-189-166.plesk.page\/#website"},"datePublished":"2026-04-06T18:16:18+00:00","dateModified":"2026-04-09T14:29:11+00:00","breadcrumb":{"@id":"https:\/\/stoic-mclean.92-205-189-166.plesk.page\/index.php\/kontakt\/#breadcrumb"},"inLanguage":"de","potentialAction":[{"@type":"ReadAction","target":["https:\/\/stoic-mclean.92-205-189-166.plesk.page\/index.php\/kontakt\/"]}]},{"@type":"BreadcrumbList","@id":"https:\/\/stoic-mclean.92-205-189-166.plesk.page\/index.php\/kontakt\/#breadcrumb","itemListElement":[{"@type":"ListItem","position":1,"name":"Start","item":"https:\/\/stoic-mclean.92-205-189-166.plesk.page\/"},{"@type":"ListItem","position":2,"name":"Kontakt"}]},{"@type":"WebSite","@id":"https:\/\/stoic-mclean.92-205-189-166.plesk.page\/#website","url":"https:\/\/stoic-mclean.92-205-189-166.plesk.page\/","name":"FERO Immobilien","description":"\u2713 Immobilien direkt vom Profi","publisher":{"@id":"https:\/\/stoic-mclean.92-205-189-166.plesk.page\/#organization"},"potentialAction":[{"@type":"SearchAction","target":{"@type":"EntryPoint","urlTemplate":"https:\/\/stoic-mclean.92-205-189-166.plesk.page\/?s={search_term_string}"},"query-input":{"@type":"PropertyValueSpecification","valueRequired":true,"valueName":"search_term_string"}}],"inLanguage":"de"},{"@type":"Organization","@id":"https:\/\/stoic-mclean.92-205-189-166.plesk.page\/#organization","name":"FERO Immobilien","url":"https:\/\/stoic-mclean.92-205-189-166.plesk.page\/","logo":{"@type":"ImageObject","inLanguage":"de","@id":"https:\/\/stoic-mclean.92-205-189-166.plesk.page\/#\/schema\/logo\/image\/","url":"https:\/\/stoic-mclean.92-205-189-166.plesk.page\/wp-content\/uploads\/2026\/02\/fero-logo-quer.png","contentUrl":"https:\/\/stoic-mclean.92-205-189-166.plesk.page\/wp-content\/uploads\/2026\/02\/fero-logo-quer.png","width":276,"height":97,"caption":"FERO Immobilien"},"image":{"@id":"https:\/\/stoic-mclean.92-205-189-166.plesk.page\/#\/schema\/logo\/image\/"}}]}},"_links":{"self":[{"href":"https:\/\/stoic-mclean.92-205-189-166.plesk.page\/index.php\/wp-json\/wp\/v2\/pages\/80","targetHints":{"allow":["GET"]}}],"collection":[{"href":"https:\/\/stoic-mclean.92-205-189-166.plesk.page\/index.php\/wp-json\/wp\/v2\/pages"}],"about":[{"href":"https:\/\/stoic-mclean.92-205-189-166.plesk.page\/index.php\/wp-json\/wp\/v2\/types\/page"}],"author":[{"embeddable":true,"href":"https:\/\/stoic-mclean.92-205-189-166.plesk.page\/index.php\/wp-json\/wp\/v2\/users\/1"}],"replies":[{"embeddable":true,"href":"https:\/\/stoic-mclean.92-205-189-166.plesk.page\/index.php\/wp-json\/wp\/v2\/comments?post=80"}],"version-history":[{"count":7,"href":"https:\/\/stoic-mclean.92-205-189-166.plesk.page\/index.php\/wp-json\/wp\/v2\/pages\/80\/revisions"}],"predecessor-version":[{"id":329,"href":"https:\/\/stoic-mclean.92-205-189-166.plesk.page\/index.php\/wp-json\/wp\/v2\/pages\/80\/revisions\/329"}],"wp:attachment":[{"href":"https:\/\/stoic-mclean.92-205-189-166.plesk.page\/index.php\/wp-json\/wp\/v2\/media?parent=80"}],"curies":[{"name":"wp","href":"https:\/\/api.w.org\/{rel}","templated":true}]}}